{"id":1203,"date":"2012-07-11T21:54:08","date_gmt":"2012-07-12T00:54:08","guid":{"rendered":"http:\/\/isan.med.br\/web\/?page_id=1203"},"modified":"2012-07-11T21:54:08","modified_gmt":"2012-07-12T00:54:08","slug":"o-cpap","status":"publish","type":"page","link":"https:\/\/isan.med.br\/web\/doencas-do-sono\/o-cpap\/","title":{"rendered":"O CPAP"},"content":{"rendered":"<h1>O CPAP<\/h1>\n<p>O CPAP \u00e9 um aparelho port\u00e1til que serve para evitar que as vias respirat\u00f3rias se fechem durante o sono, impedindo que ocorra ronco e apn\u00e9ia do sono. Ele funciona como compressor silencioso que forma um coxim pneum\u00e1tico fazendo com que as vias a\u00e9reas superiores fiquem \u201cinfladas\u201d durante o sono, permitindo a respira\u00e7\u00e3o adequada. O aparelho usa o pr\u00f3prio ar ambiente e o transfere para a m\u00e1scara do paciente atrav\u00e9s de uma longa mangueira flex\u00edvel, permitindo liberdade de se movimentar normalmente durante o sono. \u00c9 ligado em tomada comum e n\u00e3o oferece qualquer risco na eventualidade de falta de energia el\u00e9trica, situa\u00e7\u00e3o em que o paciente dorme como em uma noite quando ainda n\u00e3o usava o aparelho. A cl\u00ednica de CPAP \u00e9 um local onde um profissional da \u00e1rea de sa\u00fade orienta e acompanha o paciente que usa o CPAP. Em uma cl\u00ednica de CPAP, de uma forma geral, orienta-se como usar e fazer a manuten\u00e7\u00e3o do aparelho, corrigem-se erros no uso do mesmo e dos seus acess\u00f3rios, em especial da m\u00e1scara, que apresenta v\u00e1rios modelos, permitindo ao paciente escolher a melhor para si. A principal diferen\u00e7a de quem usa o CPAP e freq\u00fcenta uma cl\u00ednica \u00e9 a ader\u00eancia ao tratamento. Em geral esses pacientes se adaptam melhor e mais rapidamente ao aparelho e o resultado se v\u00ea na pr\u00e1tica, atrav\u00e9s do tempo em que o paciente dorme com o CPAP. Eles usam o aparelho por um per\u00edodo mais longo de sono e como quanto maior o tempo de uso do CPAP durante o sono, menores s\u00e3o os eventos de apneia do sono, melhor para a sa\u00fade do indiv\u00edduo.<\/p>\n<p>O paciente quando apresenta queixa de ronco, apneia do sono, sonol\u00eancia excessiva diurna, cansa\u00e7o excessivo, ao passar em consulta, o m\u00e9dico solicita, se julgar necess\u00e1rio, um exame do sono chamado polissonografia. Constatada a necessidade de se usar o CPAP, o paciente volta a fazer outro exame do sono, agora para se medir a press\u00e3o ideal a ser ajustada no aparelho. Por fim, com a prescri\u00e7\u00e3o m\u00e9dica, regula-se o aparelho na cl\u00ednica de CPAP. Nas consultas de acompanhamento pergunta-se sobre os poss\u00edveis inc\u00f4modos em seu uso, em geral, sensa\u00e7\u00e3o de garganta seca, desconforto com a m\u00e1scara, procurando-se resolver os problemas. No momento em que o paciente p\u00e1ra de roncar, deixa de ter apneias no sono e volta a dormir bem, eleva-se muito a aceita\u00e7\u00e3o do aparelho. Quando bem indicado, o CPAP n\u00e3o s\u00f3 impede o ronco como tamb\u00e9m as apneias.<\/p>\n","protected":false},"excerpt":{"rendered":"<p>O CPAP O CPAP \u00e9 um aparelho port\u00e1til que serve para evitar que as vias respirat\u00f3rias se fechem durante o sono, impedindo que ocorra ronco e apn\u00e9ia do sono. Ele funciona como compressor silencioso que forma um coxim pneum\u00e1tico fazendo com que as vias a\u00e9reas superiores fiquem \u201cinfladas\u201d durante o sono, permitindo a respira\u00e7\u00e3o adequada. [&hellip;]<\/p>\n","protected":false},"author":1,"featured_media":0,"parent":1179,"menu_order":0,"comment_status":"closed","ping_status":"closed","template":"","meta":{"_et_pb_use_builder":"","_et_pb_old_content":"","_et_gb_content_width":"","footnotes":""},"class_list":["post-1203","page","type-page","status-publish","hentry"],"_links":{"self":[{"href":"https:\/\/isan.med.br\/web\/wp-json\/wp\/v2\/pages\/1203","targetHints":{"allow":["GET"]}}],"collection":[{"href":"https:\/\/isan.med.br\/web\/wp-json\/wp\/v2\/pages"}],"about":[{"href":"https:\/\/isan.med.br\/web\/wp-json\/wp\/v2\/types\/page"}],"author":[{"embeddable":true,"href":"https:\/\/isan.med.br\/web\/wp-json\/wp\/v2\/users\/1"}],"replies":[{"embeddable":true,"href":"https:\/\/isan.med.br\/web\/wp-json\/wp\/v2\/comments?post=1203"}],"version-history":[{"count":0,"href":"https:\/\/isan.med.br\/web\/wp-json\/wp\/v2\/pages\/1203\/revisions"}],"up":[{"embeddable":true,"href":"https:\/\/isan.med.br\/web\/wp-json\/wp\/v2\/pages\/1179"}],"wp:attachment":[{"href":"https:\/\/isan.med.br\/web\/wp-json\/wp\/v2\/media?parent=1203"}],"curies":[{"name":"wp","href":"https:\/\/api.w.org\/{rel}","templated":true}]}}