{"id":1206,"date":"2012-07-11T21:55:48","date_gmt":"2012-07-12T00:55:48","guid":{"rendered":"http:\/\/isan.med.br\/web\/?page_id=1206"},"modified":"2012-07-11T21:55:48","modified_gmt":"2012-07-12T00:55:48","slug":"pesadelos","status":"publish","type":"page","link":"https:\/\/isan.med.br\/web\/doencas-do-sono\/pesadelos\/","title":{"rendered":"Pesadelos"},"content":{"rendered":"<h1>Pesadelos<\/h1>\n<p>Os pesadelos s\u00e3o parassonias do sono REM (a fase do sono que temos sonhos v\u00edvidos e coloridos). S\u00e3o sonhos com conte\u00fado emocional em que costuma ocorrer aumento dos batimentos card\u00edacos e freq\u00fc\u00eancia respirat\u00f3ria, suor excessivo, terminando geralmente com o despertar e lembran\u00e7a do contexto sonhado. Pode ocorrer dificuldade para retomar o sono devido ao conte\u00fado emocional do sonho. S\u00e3o mais prevalentes e freq\u00fcentes nas crian\u00e7as. H\u00e1 dados indicando que 20 a 30% das crian\u00e7as entre 5 a 12 anos de idade t\u00eam pelo menos um pesadelo a cada 6 meses. Os pesadelos podem ocorrer na mesma noite em que a crian\u00e7a apresente terror noturno ou epis\u00f3dio de sonambulismo.<\/p>\n<p>A polissonografia nesses dist\u00farbios deve ser feita com filmagem da noite de sono, sendo poss\u00edvel correlacionar o comportamento com a fase de sono em que se encontra o paciente.<\/p>\n","protected":false},"excerpt":{"rendered":"<p>Pesadelos Os pesadelos s\u00e3o parassonias do sono REM (a fase do sono que temos sonhos v\u00edvidos e coloridos). S\u00e3o sonhos com conte\u00fado emocional em que costuma ocorrer aumento dos batimentos card\u00edacos e freq\u00fc\u00eancia respirat\u00f3ria, suor excessivo, terminando geralmente com o despertar e lembran\u00e7a do contexto sonhado. Pode ocorrer dificuldade para retomar o sono devido ao [&hellip;]<\/p>\n","protected":false},"author":1,"featured_media":0,"parent":1179,"menu_order":0,"comment_status":"closed","ping_status":"closed","template":"","meta":{"_et_pb_use_builder":"","_et_pb_old_content":"","_et_gb_content_width":"","footnotes":""},"class_list":["post-1206","page","type-page","status-publish","hentry"],"_links":{"self":[{"href":"https:\/\/isan.med.br\/web\/wp-json\/wp\/v2\/pages\/1206","targetHints":{"allow":["GET"]}}],"collection":[{"href":"https:\/\/isan.med.br\/web\/wp-json\/wp\/v2\/pages"}],"about":[{"href":"https:\/\/isan.med.br\/web\/wp-json\/wp\/v2\/types\/page"}],"author":[{"embeddable":true,"href":"https:\/\/isan.med.br\/web\/wp-json\/wp\/v2\/users\/1"}],"replies":[{"embeddable":true,"href":"https:\/\/isan.med.br\/web\/wp-json\/wp\/v2\/comments?post=1206"}],"version-history":[{"count":0,"href":"https:\/\/isan.med.br\/web\/wp-json\/wp\/v2\/pages\/1206\/revisions"}],"up":[{"embeddable":true,"href":"https:\/\/isan.med.br\/web\/wp-json\/wp\/v2\/pages\/1179"}],"wp:attachment":[{"href":"https:\/\/isan.med.br\/web\/wp-json\/wp\/v2\/media?parent=1206"}],"curies":[{"name":"wp","href":"https:\/\/api.w.org\/{rel}","templated":true}]}}