{"id":1237,"date":"2012-07-11T22:15:49","date_gmt":"2012-07-12T01:15:49","guid":{"rendered":"http:\/\/isan.med.br\/web\/?page_id=1237"},"modified":"2019-04-24T22:46:37","modified_gmt":"2019-04-25T01:46:37","slug":"polissonografia-split-night","status":"publish","type":"page","link":"https:\/\/isan.med.br\/web\/servicos-e-exames\/polissonografia-split-night\/","title":{"rendered":"Polissonografia split-night"},"content":{"rendered":"<p>[et_pb_section bb_built=&#8221;1&#8243; admin_label=&#8221;section&#8221;][et_pb_row admin_label=&#8221;row&#8221;][et_pb_column type=&#8221;4_4&#8243;][et_pb_text admin_label=&#8221;Texto&#8221;]<\/p>\n<h1><a href=\"http:\/\/isan.med.br\/web\/wp-content\/uploads\/2012\/06\/Com_marca_8.jpg\"><img decoding=\"async\" class=\"alignnone wp-image-1497 size-full\" title=\"IMG_3928\" src=\"http:\/\/isan.med.br\/web\/wp-content\/uploads\/2012\/06\/Com_marca_8.jpg\" alt=\"\" width=\"1000\" height=\"394\" srcset=\"https:\/\/isan.med.br\/web\/wp-content\/uploads\/2012\/06\/Com_marca_8.jpg 1000w, https:\/\/isan.med.br\/web\/wp-content\/uploads\/2012\/06\/Com_marca_8-300x118.jpg 300w, https:\/\/isan.med.br\/web\/wp-content\/uploads\/2012\/06\/Com_marca_8-640x252.jpg 640w, https:\/\/isan.med.br\/web\/wp-content\/uploads\/2012\/06\/Com_marca_8-282x111.jpg 282w\" sizes=\"(max-width: 1000px) 100vw, 1000px\" \/><\/a><\/h1>\n<h1>Polissonografia split-night<\/h1>\n<p>No exame denominado de split-night, ou noite-partida, a polissonografia \u00e9 feita em duas partes:<br \/>\nA primeira para diagn\u00f3stico e na segunda parte com uso de CPAP, para estabelecer a press\u00e3o ideal para tratamento.<\/p>\n<p>Veja as orienta\u00e7\u00f5es gerais para o exame de Polissonografia\u00a0<a href=\"http:\/\/isan.med.br\/web\/servicos-e-exames\/orientacoes-gerais-exame-polissonografia\/\">aqui<\/a>.<\/p>\n<p>[\/et_pb_text][\/et_pb_column][\/et_pb_row][\/et_pb_section]<\/p>\n","protected":false},"excerpt":{"rendered":"<p>Polissonografia split-night No exame denominado de split-night, ou noite-partida, a polissonografia \u00e9 feita em duas partes: A primeira para diagn\u00f3stico e na segunda parte com uso de CPAP, para estabelecer a press\u00e3o ideal para tratamento. Veja as orienta\u00e7\u00f5es gerais para o exame de Polissonografia\u00a0aqui.<\/p>\n","protected":false},"author":1,"featured_media":938,"parent":1069,"menu_order":0,"comment_status":"closed","ping_status":"closed","template":"","meta":{"_et_pb_use_builder":"on","_et_pb_old_content":"<h1><a href=\"http:\/\/isan.med.br\/web\/wp-content\/uploads\/2012\/06\/Com_marca_8.jpg\"><img class=\"alignnone wp-image-1497 size-full\" title=\"IMG_3928\" src=\"http:\/\/isan.med.br\/web\/wp-content\/uploads\/2012\/06\/Com_marca_8.jpg\" alt=\"\" width=\"1000\" height=\"394\" \/><\/a><\/h1><h1>Polissonografia split-night<\/h1><p>No exame denominado de split-night, ou noite-partida, a polissonografia \u00e9 feita em duas partes:<br \/>A primeira para diagn\u00f3stico e na segunda parte com uso de CPAP, para estabelecer a press\u00e3o ideal para tratamento.<\/p><p>Veja as orienta\u00e7\u00f5es gerais para o exame de Polissonografia\u00a0<a href=\"http:\/\/isan.med.br\/web\/servicos-e-exames\/orientacoes-gerais-exame-polissonografia\/\">aqui<\/a>.<\/p>","_et_gb_content_width":"","footnotes":""},"class_list":["post-1237","page","type-page","status-publish","has-post-thumbnail","hentry"],"_links":{"self":[{"href":"https:\/\/isan.med.br\/web\/wp-json\/wp\/v2\/pages\/1237","targetHints":{"allow":["GET"]}}],"collection":[{"href":"https:\/\/isan.med.br\/web\/wp-json\/wp\/v2\/pages"}],"about":[{"href":"https:\/\/isan.med.br\/web\/wp-json\/wp\/v2\/types\/page"}],"author":[{"embeddable":true,"href":"https:\/\/isan.med.br\/web\/wp-json\/wp\/v2\/users\/1"}],"replies":[{"embeddable":true,"href":"https:\/\/isan.med.br\/web\/wp-json\/wp\/v2\/comments?post=1237"}],"version-history":[{"count":0,"href":"https:\/\/isan.med.br\/web\/wp-json\/wp\/v2\/pages\/1237\/revisions"}],"up":[{"embeddable":true,"href":"https:\/\/isan.med.br\/web\/wp-json\/wp\/v2\/pages\/1069"}],"wp:featuredmedia":[{"embeddable":true,"href":"https:\/\/isan.med.br\/web\/wp-json\/wp\/v2\/media\/938"}],"wp:attachment":[{"href":"https:\/\/isan.med.br\/web\/wp-json\/wp\/v2\/media?parent=1237"}],"curies":[{"name":"wp","href":"https:\/\/api.w.org\/{rel}","templated":true}]}}