{"id":1239,"date":"2012-07-11T22:16:24","date_gmt":"2012-07-12T01:16:24","guid":{"rendered":"http:\/\/isan.med.br\/web\/?page_id=1239"},"modified":"2019-04-24T22:47:19","modified_gmt":"2019-04-25T01:47:19","slug":"teste-das-multiplas-latencias-do-sono","status":"publish","type":"page","link":"https:\/\/isan.med.br\/web\/servicos-e-exames\/teste-das-multiplas-latencias-do-sono\/","title":{"rendered":"Teste das m\u00faltiplas lat\u00eancias do sono"},"content":{"rendered":"<p>[et_pb_section bb_built=&#8221;1&#8243; admin_label=&#8221;section&#8221;][et_pb_row admin_label=&#8221;row&#8221;][et_pb_column type=&#8221;4_4&#8243;][et_pb_text admin_label=&#8221;Texto&#8221;]<\/p>\n<h1>Teste das m\u00faltiplas lat\u00eancias do sono<\/h1>\n<p>Exame precedido obrigatoriamente da polissonografia basal. D\u00e1-se ao paciente a oportunidade de tirar cinco cochilos durante o dia, com intervalos de duas horas entre cada oportunidade, avaliando-se a ocorr\u00eancia de sono, o tempo que se levou para dormir e a presen\u00e7a de sono REM. Serve para se avaliar casos de sonol\u00eancia excessiva, em especial na narcolepsia.<\/p>\n<p>[\/et_pb_text][\/et_pb_column][\/et_pb_row][\/et_pb_section]<\/p>\n","protected":false},"excerpt":{"rendered":"<p>Teste das m\u00faltiplas lat\u00eancias do sono Exame precedido obrigatoriamente da polissonografia basal. D\u00e1-se ao paciente a oportunidade de tirar cinco cochilos durante o dia, com intervalos de duas horas entre cada oportunidade, avaliando-se a ocorr\u00eancia de sono, o tempo que se levou para dormir e a presen\u00e7a de sono REM. Serve para se avaliar casos [&hellip;]<\/p>\n","protected":false},"author":1,"featured_media":0,"parent":1069,"menu_order":0,"comment_status":"closed","ping_status":"closed","template":"","meta":{"_et_pb_use_builder":"on","_et_pb_old_content":"<h1>Teste das m\u00faltiplas lat\u00eancias do sono<\/h1><p>Exame precedido obrigatoriamente da polissonografia basal. D\u00e1-se ao paciente a oportunidade de tirar cinco cochilos durante o dia, com intervalos de duas horas entre cada oportunidade, avaliando-se a ocorr\u00eancia de sono, o tempo que se levou para dormir e a presen\u00e7a de sono REM. Serve para se avaliar casos de sonol\u00eancia excessiva, em especial na narcolepsia.<\/p>","_et_gb_content_width":"","footnotes":""},"class_list":["post-1239","page","type-page","status-publish","hentry"],"_links":{"self":[{"href":"https:\/\/isan.med.br\/web\/wp-json\/wp\/v2\/pages\/1239","targetHints":{"allow":["GET"]}}],"collection":[{"href":"https:\/\/isan.med.br\/web\/wp-json\/wp\/v2\/pages"}],"about":[{"href":"https:\/\/isan.med.br\/web\/wp-json\/wp\/v2\/types\/page"}],"author":[{"embeddable":true,"href":"https:\/\/isan.med.br\/web\/wp-json\/wp\/v2\/users\/1"}],"replies":[{"embeddable":true,"href":"https:\/\/isan.med.br\/web\/wp-json\/wp\/v2\/comments?post=1239"}],"version-history":[{"count":0,"href":"https:\/\/isan.med.br\/web\/wp-json\/wp\/v2\/pages\/1239\/revisions"}],"up":[{"embeddable":true,"href":"https:\/\/isan.med.br\/web\/wp-json\/wp\/v2\/pages\/1069"}],"wp:attachment":[{"href":"https:\/\/isan.med.br\/web\/wp-json\/wp\/v2\/media?parent=1239"}],"curies":[{"name":"wp","href":"https:\/\/api.w.org\/{rel}","templated":true}]}}