{"id":1241,"date":"2012-07-11T22:17:01","date_gmt":"2012-07-12T01:17:01","guid":{"rendered":"http:\/\/isan.med.br\/web\/?page_id=1241"},"modified":"2012-07-11T22:17:01","modified_gmt":"2012-07-12T01:17:01","slug":"teste-de-manutencao-da-vigilia","status":"publish","type":"page","link":"https:\/\/isan.med.br\/web\/servicos-e-exames\/teste-de-manutencao-da-vigilia\/","title":{"rendered":"Teste de manuten\u00e7\u00e3o da vig\u00edlia"},"content":{"rendered":"<h1>Teste de manuten\u00e7\u00e3o da vig\u00edlia<\/h1>\n<p>Exame precedido obrigatoriamente da polissonografia basal. D\u00e1-se ao paciente a condi\u00e7\u00e3o de tirar alguns cochilos durante o dia, entretanto se pede para que evite dormir, avaliando-se assim a capacidade de se manter acordado. Serve para avaliar a incapacidade de se resistir ao sono.<\/p>\n","protected":false},"excerpt":{"rendered":"<p>Teste de manuten\u00e7\u00e3o da vig\u00edlia Exame precedido obrigatoriamente da polissonografia basal. D\u00e1-se ao paciente a condi\u00e7\u00e3o de tirar alguns cochilos durante o dia, entretanto se pede para que evite dormir, avaliando-se assim a capacidade de se manter acordado. Serve para avaliar a incapacidade de se resistir ao sono.<\/p>\n","protected":false},"author":1,"featured_media":0,"parent":1069,"menu_order":0,"comment_status":"closed","ping_status":"closed","template":"","meta":{"_et_pb_use_builder":"","_et_pb_old_content":"","_et_gb_content_width":"","footnotes":""},"class_list":["post-1241","page","type-page","status-publish","hentry"],"_links":{"self":[{"href":"https:\/\/isan.med.br\/web\/wp-json\/wp\/v2\/pages\/1241","targetHints":{"allow":["GET"]}}],"collection":[{"href":"https:\/\/isan.med.br\/web\/wp-json\/wp\/v2\/pages"}],"about":[{"href":"https:\/\/isan.med.br\/web\/wp-json\/wp\/v2\/types\/page"}],"author":[{"embeddable":true,"href":"https:\/\/isan.med.br\/web\/wp-json\/wp\/v2\/users\/1"}],"replies":[{"embeddable":true,"href":"https:\/\/isan.med.br\/web\/wp-json\/wp\/v2\/comments?post=1241"}],"version-history":[{"count":0,"href":"https:\/\/isan.med.br\/web\/wp-json\/wp\/v2\/pages\/1241\/revisions"}],"up":[{"embeddable":true,"href":"https:\/\/isan.med.br\/web\/wp-json\/wp\/v2\/pages\/1069"}],"wp:attachment":[{"href":"https:\/\/isan.med.br\/web\/wp-json\/wp\/v2\/media?parent=1241"}],"curies":[{"name":"wp","href":"https:\/\/api.w.org\/{rel}","templated":true}]}}