{"id":1243,"date":"2012-07-11T22:17:20","date_gmt":"2012-07-12T01:17:20","guid":{"rendered":"http:\/\/isan.med.br\/web\/?page_id=1243"},"modified":"2019-04-24T22:48:11","modified_gmt":"2019-04-25T01:48:11","slug":"videonasofibroscopiavideolaringoscopia","status":"publish","type":"page","link":"https:\/\/isan.med.br\/web\/servicos-e-exames\/videonasofibroscopiavideolaringoscopia\/","title":{"rendered":"Videonasofibroscopia \/ Videolaringoscopia"},"content":{"rendered":"<p>[et_pb_section bb_built=&#8221;1&#8243; admin_label=&#8221;section&#8221;][et_pb_row admin_label=&#8221;row&#8221;][et_pb_column type=&#8221;4_4&#8243;][et_pb_text admin_label=&#8221;Texto&#8221;]<\/p>\n<h1>Videonasofibroscopia\/videolaringoscopia<\/h1>\n<p>Realizado com endosc\u00f3pio r\u00edgido ou flex\u00edvel, no qual se grava a imagem do nariz, faringe e laringe do paciente em DVD, servindo para diagn\u00f3stico, acompanhamento da evolu\u00e7\u00e3o e constata\u00e7\u00e3o da cura das mais diversas doen\u00e7as dessas regi\u00f5es. Exame indolor, feito com anestesia local na forma de spray, no qual o paciente entra e sai como em uma consulta de rotina, n\u00e3o havendo restri\u00e7\u00e3o \u00e0s suas atividades. Pode ser feito em qualquer idade, at\u00e9 em rec\u00e9m-nascidos<\/p>\n<p>[\/et_pb_text][\/et_pb_column][\/et_pb_row][\/et_pb_section]<\/p>\n","protected":false},"excerpt":{"rendered":"<p>Videonasofibroscopia\/videolaringoscopia Realizado com endosc\u00f3pio r\u00edgido ou flex\u00edvel, no qual se grava a imagem do nariz, faringe e laringe do paciente em DVD, servindo para diagn\u00f3stico, acompanhamento da evolu\u00e7\u00e3o e constata\u00e7\u00e3o da cura das mais diversas doen\u00e7as dessas regi\u00f5es. Exame indolor, feito com anestesia local na forma de spray, no qual o paciente entra e sai [&hellip;]<\/p>\n","protected":false},"author":1,"featured_media":0,"parent":1069,"menu_order":0,"comment_status":"closed","ping_status":"closed","template":"","meta":{"_et_pb_use_builder":"on","_et_pb_old_content":"<h1>Videonasofibroscopia\/videolaringoscopia<\/h1><p>Realizado com endosc\u00f3pio r\u00edgido ou flex\u00edvel, no qual se grava a imagem do nariz, faringe e laringe do paciente em DVD, servindo para diagn\u00f3stico, acompanhamento da evolu\u00e7\u00e3o e constata\u00e7\u00e3o da cura das mais diversas doen\u00e7as dessas regi\u00f5es. Exame indolor, feito com anestesia local na forma de spray, no qual o paciente entra e sai como em uma consulta de rotina, n\u00e3o havendo restri\u00e7\u00e3o \u00e0s suas atividades. Pode ser feito em qualquer idade, at\u00e9 em rec\u00e9m-nascidos<\/p>","_et_gb_content_width":"","footnotes":""},"class_list":["post-1243","page","type-page","status-publish","hentry"],"_links":{"self":[{"href":"https:\/\/isan.med.br\/web\/wp-json\/wp\/v2\/pages\/1243","targetHints":{"allow":["GET"]}}],"collection":[{"href":"https:\/\/isan.med.br\/web\/wp-json\/wp\/v2\/pages"}],"about":[{"href":"https:\/\/isan.med.br\/web\/wp-json\/wp\/v2\/types\/page"}],"author":[{"embeddable":true,"href":"https:\/\/isan.med.br\/web\/wp-json\/wp\/v2\/users\/1"}],"replies":[{"embeddable":true,"href":"https:\/\/isan.med.br\/web\/wp-json\/wp\/v2\/comments?post=1243"}],"version-history":[{"count":0,"href":"https:\/\/isan.med.br\/web\/wp-json\/wp\/v2\/pages\/1243\/revisions"}],"up":[{"embeddable":true,"href":"https:\/\/isan.med.br\/web\/wp-json\/wp\/v2\/pages\/1069"}],"wp:attachment":[{"href":"https:\/\/isan.med.br\/web\/wp-json\/wp\/v2\/media?parent=1243"}],"curies":[{"name":"wp","href":"https:\/\/api.w.org\/{rel}","templated":true}]}}