{"id":1246,"date":"2012-07-11T22:18:38","date_gmt":"2012-07-12T01:18:38","guid":{"rendered":"http:\/\/isan.med.br\/web\/?page_id=1246"},"modified":"2019-04-24T22:44:13","modified_gmt":"2019-04-25T01:44:13","slug":"polissonografia-basal","status":"publish","type":"page","link":"https:\/\/isan.med.br\/web\/servicos-e-exames\/polissonografia-basal\/","title":{"rendered":"Polissonografia basal"},"content":{"rendered":"<p>[et_pb_section bb_built=&#8221;1&#8243; admin_label=&#8221;section&#8221;][et_pb_row admin_label=&#8221;row&#8221;][et_pb_column type=&#8221;4_4&#8243;][et_pb_text admin_label=&#8221;Texto&#8221;]<\/p>\n<h1><a href=\"http:\/\/isan.med.br\/web\/wp-content\/uploads\/2012\/07\/Com_marca_4.jpg\"><img decoding=\"async\" class=\"alignnone wp-image-1500 size-full\" title=\"01-10\" src=\"http:\/\/isan.med.br\/web\/wp-content\/uploads\/2012\/07\/Com_marca_4.jpg\" alt=\"\" width=\"1000\" height=\"667\" srcset=\"https:\/\/isan.med.br\/web\/wp-content\/uploads\/2012\/07\/Com_marca_4.jpg 1000w, https:\/\/isan.med.br\/web\/wp-content\/uploads\/2012\/07\/Com_marca_4-300x200.jpg 300w, https:\/\/isan.med.br\/web\/wp-content\/uploads\/2012\/07\/Com_marca_4-640x426.jpg 640w, https:\/\/isan.med.br\/web\/wp-content\/uploads\/2012\/07\/Com_marca_4-282x188.jpg 282w\" sizes=\"(max-width: 1000px) 100vw, 1000px\" \/><\/a><\/h1>\n<h1>Polissonografia basal<\/h1>\n<p>Trata-se de um exame utilizado para se diagnosticar v\u00e1rios dist\u00farbios do sono. O paciente dorme uma noite inteira com sensores colocados na superf\u00edcie do corpo, com a finalidade de se saber quando se est\u00e1 acordado ou dormindo, em que est\u00e1gio de sono se encontra, como est\u00e1 a atividade do cora\u00e7\u00e3o, se ocorre diminui\u00e7\u00e3o da respira\u00e7\u00e3o (hipopneia) ou mesmo parada da respira\u00e7\u00e3o (apneia) durante o sono, como est\u00e1 a satura\u00e7\u00e3o de oxig\u00eanio no sangue durante o sono, dentre outras vari\u00e1veis. Neste exame n\u00e3o se utilizam agulhas, inje\u00e7\u00f5es, sondas invasivas ou qualquer material que cause dor.<\/p>\n<p>Veja as orienta\u00e7\u00f5es gerais para o exame de Polissonografia <a href=\"http:\/\/isan.med.br\/web\/servicos-e-exames\/orientacoes-gerais-exame-polissonografia\/\">aqui<\/a>.<\/p>\n<p>&nbsp;<\/p>\n<p>[\/et_pb_text][\/et_pb_column][\/et_pb_row][\/et_pb_section]<\/p>\n","protected":false},"excerpt":{"rendered":"<p>Polissonografia basal Trata-se de um exame utilizado para se diagnosticar v\u00e1rios dist\u00farbios do sono. O paciente dorme uma noite inteira com sensores colocados na superf\u00edcie do corpo, com a finalidade de se saber quando se est\u00e1 acordado ou dormindo, em que est\u00e1gio de sono se encontra, como est\u00e1 a atividade do cora\u00e7\u00e3o, se ocorre diminui\u00e7\u00e3o [&hellip;]<\/p>\n","protected":false},"author":1,"featured_media":976,"parent":1069,"menu_order":0,"comment_status":"closed","ping_status":"closed","template":"","meta":{"_et_pb_use_builder":"on","_et_pb_old_content":"<h1><a href=\"http:\/\/isan.med.br\/web\/wp-content\/uploads\/2012\/07\/Com_marca_4.jpg\"><img class=\"alignnone wp-image-1500 size-full\" title=\"01-10\" src=\"http:\/\/isan.med.br\/web\/wp-content\/uploads\/2012\/07\/Com_marca_4.jpg\" alt=\"\" width=\"1000\" height=\"667\" \/><\/a><\/h1><h1>Polissonografia basal<\/h1><p>Trata-se de um exame utilizado para se diagnosticar v\u00e1rios dist\u00farbios do sono. O paciente dorme uma noite inteira com sensores colocados na superf\u00edcie do corpo, com a finalidade de se saber quando se est\u00e1 acordado ou dormindo, em que est\u00e1gio de sono se encontra, como est\u00e1 a atividade do cora\u00e7\u00e3o, se ocorre diminui\u00e7\u00e3o da respira\u00e7\u00e3o (hipopneia) ou mesmo parada da respira\u00e7\u00e3o (apneia) durante o sono, como est\u00e1 a satura\u00e7\u00e3o de oxig\u00eanio no sangue durante o sono, dentre outras vari\u00e1veis. Neste exame n\u00e3o se utilizam agulhas, inje\u00e7\u00f5es, sondas invasivas ou qualquer material que cause dor.<\/p><p>Veja as orienta\u00e7\u00f5es gerais para o exame de Polissonografia <a href=\"http:\/\/isan.med.br\/web\/servicos-e-exames\/orientacoes-gerais-exame-polissonografia\/\">aqui<\/a>.<\/p><p>\u00a0<\/p>","_et_gb_content_width":"","footnotes":""},"class_list":["post-1246","page","type-page","status-publish","has-post-thumbnail","hentry"],"_links":{"self":[{"href":"https:\/\/isan.med.br\/web\/wp-json\/wp\/v2\/pages\/1246","targetHints":{"allow":["GET"]}}],"collection":[{"href":"https:\/\/isan.med.br\/web\/wp-json\/wp\/v2\/pages"}],"about":[{"href":"https:\/\/isan.med.br\/web\/wp-json\/wp\/v2\/types\/page"}],"author":[{"embeddable":true,"href":"https:\/\/isan.med.br\/web\/wp-json\/wp\/v2\/users\/1"}],"replies":[{"embeddable":true,"href":"https:\/\/isan.med.br\/web\/wp-json\/wp\/v2\/comments?post=1246"}],"version-history":[{"count":0,"href":"https:\/\/isan.med.br\/web\/wp-json\/wp\/v2\/pages\/1246\/revisions"}],"up":[{"embeddable":true,"href":"https:\/\/isan.med.br\/web\/wp-json\/wp\/v2\/pages\/1069"}],"wp:featuredmedia":[{"embeddable":true,"href":"https:\/\/isan.med.br\/web\/wp-json\/wp\/v2\/media\/976"}],"wp:attachment":[{"href":"https:\/\/isan.med.br\/web\/wp-json\/wp\/v2\/media?parent=1246"}],"curies":[{"name":"wp","href":"https:\/\/api.w.org\/{rel}","templated":true}]}}