{"id":1267,"date":"2012-07-11T22:48:21","date_gmt":"2012-07-12T01:48:21","guid":{"rendered":"http:\/\/isan.med.br\/web\/?page_id=1267"},"modified":"2026-02-24T15:35:44","modified_gmt":"2026-02-24T18:35:44","slug":"1267-2","status":"publish","type":"page","link":"https:\/\/isan.med.br\/web\/1267-2\/","title":{"rendered":"Sobre o ISAN"},"content":{"rendered":"<p>[et_pb_section fb_built=&#8221;1&#8243; admin_label=&#8221;Se\u00e7\u00e3o&#8221; _builder_version=&#8221;4.16&#8243; use_background_color_gradient=&#8221;on&#8221; background_color_gradient_stops=&#8221;#821509 0%|#84180a 100%&#8221; background_color_gradient_start=&#8221;#821509&#8243; background_color_gradient_end=&#8221;#84180a&#8221; global_colors_info=&#8221;{}&#8221;][et_pb_row admin_label=&#8221;Linha&#8221; _builder_version=&#8221;4.16&#8243; background_size=&#8221;initial&#8221; background_position=&#8221;top_left&#8221; background_repeat=&#8221;repeat&#8221; global_colors_info=&#8221;{}&#8221;][et_pb_column type=&#8221;4_4&#8243; _builder_version=&#8221;4.16&#8243; custom_padding=&#8221;|||&#8221; global_colors_info=&#8221;{}&#8221; custom_padding__hover=&#8221;|||&#8221;][et_pb_text admin_label=&#8221;Texto&#8221; _builder_version=&#8221;4.16&#8243; global_colors_info=&#8221;{}&#8221;]<\/p>\n<h1><span style=\"color: #ffffff;\"><strong>Sobre o ISAN<\/strong><\/span><\/h1>\n<p>[\/et_pb_text][\/et_pb_column][\/et_pb_row][\/et_pb_section][et_pb_section fb_built=&#8221;1&#8243; admin_label=&#8221;section&#8221; _builder_version=&#8221;4.16&#8243; custom_padding=&#8221;54px|0px|0px|0px&#8221; global_colors_info=&#8221;{}&#8221;][et_pb_row admin_label=&#8221;row&#8221; _builder_version=&#8221;4.16&#8243; background_size=&#8221;initial&#8221; background_position=&#8221;top_left&#8221; background_repeat=&#8221;repeat&#8221; global_colors_info=&#8221;{}&#8221;][et_pb_column type=&#8221;4_4&#8243; _builder_version=&#8221;4.16&#8243; custom_padding=&#8221;|||&#8221; global_colors_info=&#8221;{}&#8221; custom_padding__hover=&#8221;|||&#8221;][et_pb_text admin_label=&#8221;Texto&#8221; _builder_version=&#8221;4.16&#8243; global_colors_info=&#8221;{}&#8221;]<\/p>\n<h1 style=\"text-align: center;\"><span><strong><span style=\"color: #ff0000;\">Atendimento humanizado e personalizado<\/span><\/strong><\/span><\/h1>\n<p><span><strong><span style=\"color: #ff0000;\"><\/span><\/strong><\/span><\/p>\n<p>Atualmente, com sede na Asa Norte, o Instituto do Sono Asa Norte \u00e9 composto por profissionais competentes, aptos n\u00e3o s\u00f3 a prestar atendimento diferenciado, mas tamb\u00e9m de alta capacidade t\u00e9cnica e cient\u00edfica. Equipe experiente, com atualiza\u00e7\u00e3o constante e in\u00fameros procedimentos realizados com sucesso.<\/p>\n<h4 style=\"text-align: center;\"><strong>Voc\u00ea pode contar com a seriedade, respeito, \u00e9tica e profissionalismo de nossa equipe.<\/strong><\/h4>\n<p>&nbsp;<\/p>\n<p><span style=\"font-family: Calibri; font-size: medium;\"><\/span><\/p>\n<p>O <strong>Instituto do Sono da Asa Norte<\/strong> \u00e9 um centro m\u00e9dico concebido\u00a0\u00a0para diagn\u00f3stico e tratamento dos dist\u00farbios do sono, comprometido em\u00a0\u00a0oferecer ao paciente qualidade e dedica\u00e7\u00e3o no atendimento, visando seu\u00a0\u00a0bem-estar e\u00a0melhora na\u00a0\u00a0qualidade de vida\u00a0\u00a0.<\/p>\n<p>&nbsp;<\/p>\n<p><img decoding=\"async\" class=\"wp-image-1802 aligncenter\" src=\"https:\/\/isan.med.br\/web\/wp-content\/uploads\/2019\/04\/mvv.png\" alt=\"\" width=\"523\" height=\"236\" srcset=\"https:\/\/isan.med.br\/web\/wp-content\/uploads\/2019\/04\/mvv.png 1140w, https:\/\/isan.med.br\/web\/wp-content\/uploads\/2019\/04\/mvv-300x136.png 300w, https:\/\/isan.med.br\/web\/wp-content\/uploads\/2019\/04\/mvv-768x347.png 768w, https:\/\/isan.med.br\/web\/wp-content\/uploads\/2019\/04\/mvv-1024x463.png 1024w, https:\/\/isan.med.br\/web\/wp-content\/uploads\/2019\/04\/mvv-1080x488.png 1080w\" sizes=\"(max-width: 523px) 100vw, 523px\" \/><\/p>\n<p><strong><span style=\"font-family: Calibri; font-size: medium;\">Miss\u00e3o<\/span><\/strong><\/p>\n<p><strong> <\/strong><\/p>\n<p><strong><\/strong><span style=\"font-family: Calibri; font-size: medium;\">Realizar diagn\u00f3stico e tratamento em dist\u00farbios do sono, contribuindo para o bem estar e qualidade de vida do paciente.<\/span><\/p>\n<p><strong><span style=\"font-family: Calibri; font-size: medium;\">Vis\u00e3o<\/span><\/strong><\/p>\n<p><strong> <\/strong><\/p>\n<p><strong><\/strong><span style=\"font-family: Calibri; font-size: medium;\">Consolidar-se como centro de refer\u00eancia em diagn\u00f3stico e tratamento de dist\u00farbios do sono, bem como contribuir para a difus\u00e3o do conhecimento\u00a0\u00a0e aprimoramento dos cuidados \u00c0 sa\u00fade da popula\u00e7\u00e3o.<\/span><\/p>\n<p><strong><span style=\"font-family: Calibri; font-size: medium;\">Valores<\/span><\/strong><\/p>\n<p><strong> <\/strong><\/p>\n<p><strong><\/strong>Tratamento humanizado<\/p>\n<p>Comprometimento com a qualidade<\/p>\n<p>Dedica\u00e7\u00e3o ao paciente<\/p>\n<p>&nbsp;<\/p>\n<p>[\/et_pb_text][\/et_pb_column][\/et_pb_row][\/et_pb_section][et_pb_section fb_built=&#8221;1&#8243; admin_label=&#8221;Se\u00e7\u00e3o&#8221; _builder_version=&#8221;4.16&#8243; custom_padding=&#8221;0px|0px|54px|0px&#8221; global_colors_info=&#8221;{}&#8221;][et_pb_row admin_label=&#8221;Linha&#8221; _builder_version=&#8221;4.16&#8243; background_size=&#8221;initial&#8221; background_position=&#8221;top_left&#8221; background_repeat=&#8221;repeat&#8221; custom_padding=&#8221;0px|0px|0px|0px&#8221; global_colors_info=&#8221;{}&#8221;][et_pb_column type=&#8221;4_4&#8243; _builder_version=&#8221;4.16&#8243; custom_padding=&#8221;|||&#8221; global_colors_info=&#8221;{}&#8221; custom_padding__hover=&#8221;|||&#8221;][et_pb_text admin_label=&#8221;Texto&#8221; _builder_version=&#8221;4.16&#8243; global_colors_info=&#8221;{}&#8221;]<\/p>\n<h2><strong>Corpo cl&iacute;nico<\/strong><\/h2>\n<p>&nbsp;<\/p>\n<p class=\"\"><span style=\"font-size: 14px;\">&nbsp;<\/span><\/p>\n<p>[\/et_pb_text][\/et_pb_column][\/et_pb_row][et_pb_row column_structure=&#8221;1_2,1_2&#8243; admin_label=&#8221;Linha&#8221; _builder_version=&#8221;4.16&#8243; background_size=&#8221;initial&#8221; background_position=&#8221;top_left&#8221; background_repeat=&#8221;repeat&#8221; custom_padding=&#8221;0px|0px|27px|0px&#8221; global_colors_info=&#8221;{}&#8221;][et_pb_column type=&#8221;1_2&#8243; _builder_version=&#8221;4.16&#8243; custom_padding=&#8221;|||&#8221; global_colors_info=&#8221;{}&#8221; custom_padding__hover=&#8221;|||&#8221;][et_pb_text admin_label=&#8221;Texto&#8221; _builder_version=&#8221;4.16&#8243; global_colors_info=&#8221;{}&#8221;]<\/p>\n<p><img decoding=\"async\" class=\"wp-image-1837 aligncenter\" src=\"https:\/\/isan.med.br\/web\/wp-content\/uploads\/2019\/04\/DRA-ADRA-2.jpeg\" alt=\"\" width=\"235\" height=\"313\" srcset=\"https:\/\/isan.med.br\/web\/wp-content\/uploads\/2019\/04\/DRA-ADRA-2.jpeg 768w, https:\/\/isan.med.br\/web\/wp-content\/uploads\/2019\/04\/DRA-ADRA-2-225x300.jpeg 225w\" sizes=\"(max-width: 235px) 100vw, 235px\" \/><\/p>\n<h3 style=\"text-align: center;\">DRA ADRA BRASIL LEIT\u00c3O<\/h3>\n<p style=\"text-align: center;\"><span style=\"font-size: 14px;\">Otorrinolaringologia &#8211; Medicina do Sono<\/span><\/p>\n<p style=\"text-align: center;\">CRM &#8211; DF 13282<\/p>\n<p>[\/et_pb_text][\/et_pb_column][et_pb_column type=&#8221;1_2&#8243; _builder_version=&#8221;4.16&#8243; custom_padding=&#8221;|||&#8221; global_colors_info=&#8221;{}&#8221; custom_padding__hover=&#8221;|||&#8221;][et_pb_text admin_label=&#8221;Texto&#8221; _builder_version=&#8221;4.16&#8243; global_colors_info=&#8221;{}&#8221;]<\/p>\n<h3 style=\"text-align: center;\"><img decoding=\"async\" class=\"wp-image-1889 size-medium aligncenter\" src=\"https:\/\/isan.med.br\/web\/wp-content\/uploads\/2022\/01\/Dr.-Silvio-Delmar-Holenbach-202x300.jpeg\" alt=\"\" width=\"204\" height=\"303\" \/><span style=\"color: #333333; font-size: 18px; text-align: center;\"><br \/>DR. SILVIO DELMAR HOLENBACH JUNIOR<\/span><\/h3>\n<div style=\"text-align: center;\">OTORRINOLARINGOLOGIA\u00a0<\/div>\n<div style=\"text-align: center;\">CRM-DF 10408 | RQE 6381<\/div>\n<p>&nbsp;<\/p>\n<p>[\/et_pb_text][\/et_pb_column][\/et_pb_row][et_pb_row column_structure=&#8221;1_2,1_2&#8243; admin_label=&#8221;Linha&#8221; _builder_version=&#8221;4.16&#8243; background_size=&#8221;initial&#8221; background_position=&#8221;top_left&#8221; background_repeat=&#8221;repeat&#8221; custom_padding=&#8221;0px|0px|0px|0px||&#8221; global_colors_info=&#8221;{}&#8221;][et_pb_column type=&#8221;1_2&#8243; _builder_version=&#8221;4.16&#8243; custom_padding=&#8221;|||&#8221; global_colors_info=&#8221;{}&#8221; custom_padding__hover=&#8221;|||&#8221;][et_pb_text admin_label=&#8221;Texto&#8221; _builder_version=&#8221;4.16&#8243; global_colors_info=&#8221;{}&#8221;]<\/p>\n<h3 style=\"text-align: center;\"><span style=\"color: #333333; font-size: 18px; text-align: center;\"><img decoding=\"async\" class=\"wp-image-1890 size-medium aligncenter\" src=\"https:\/\/isan.med.br\/web\/wp-content\/uploads\/2022\/01\/WhatsApp-Image-2021-08-09-at-10.22.50-1-196x300.jpeg\" alt=\"\" width=\"196\" height=\"300\" \/><br \/><\/span><\/h3>\n<h3 style=\"text-align: center;\">DR. KLEBER CAMELO LOBO<\/h3>\n<div style=\"text-align: center;\">OTORRINOLARINGOLOGIA E MEDICINA DO SONO<\/div>\n<div style=\"text-align: center;\">CRM-DF 13130 | RQE 8686; 14021<\/div>\n<p style=\"text-align: center;\"><span style=\"color: #333333; font-size: 18px; text-align: center;\">\u00a0<\/span><\/p>\n<p>&nbsp;<\/p>\n<p>[\/et_pb_text][\/et_pb_column][et_pb_column type=&#8221;1_2&#8243; _builder_version=&#8221;4.16&#8243; custom_padding=&#8221;|||&#8221; global_colors_info=&#8221;{}&#8221; custom_padding__hover=&#8221;|||&#8221;][et_pb_text _builder_version=&#8221;4.16&#8243; _module_preset=&#8221;default&#8221; global_colors_info=&#8221;{}&#8221;]<\/p>\n<p><img decoding=\"async\" class=\"wp-image-1892 size-medium aligncenter\" src=\"https:\/\/isan.med.br\/web\/wp-content\/uploads\/2022\/01\/WhatsApp-Image-2021-08-09-at-10.22.49-204x300.jpeg\" alt=\"\" width=\"204\" height=\"300\" \/>\u00a0<\/p>\n<h3 style=\"text-align: center;\">DRA. DANIELLE RAMOS VIDEIRA<\/h3>\n<div style=\"text-align: center;\">OTORRINOLARINGOLOGIA\u00a0<\/div>\n<div style=\"text-align: center;\">CRM-DF 14075 | RQE 6724<\/div>\n<p>[\/et_pb_text][\/et_pb_column][\/et_pb_row][et_pb_row column_structure=&#8221;1_2,1_2&#8243; _builder_version=&#8221;4.16&#8243; _module_preset=&#8221;default&#8221; custom_padding=&#8221;3px|||||&#8221; global_colors_info=&#8221;{}&#8221;][et_pb_column type=&#8221;1_2&#8243; _builder_version=&#8221;4.16&#8243; _module_preset=&#8221;default&#8221; global_colors_info=&#8221;{}&#8221;][\/et_pb_column][et_pb_column type=&#8221;1_2&#8243; _builder_version=&#8221;4.16&#8243; _module_preset=&#8221;default&#8221; global_colors_info=&#8221;{}&#8221;][\/et_pb_column][\/et_pb_row][et_pb_row column_structure=&#8221;1_2,1_2&#8243; _builder_version=&#8221;4.16&#8243; _module_preset=&#8221;default&#8221; global_colors_info=&#8221;{}&#8221;][et_pb_column type=&#8221;1_2&#8243; _builder_version=&#8221;4.16&#8243; _module_preset=&#8221;default&#8221; global_colors_info=&#8221;{}&#8221;][et_pb_text _builder_version=&#8221;4.16&#8243; _module_preset=&#8221;default&#8221; global_colors_info=&#8221;{}&#8221;]<\/p>\n<p><img decoding=\"async\" class=\"wp-image-1893 size-medium aligncenter\" src=\"https:\/\/isan.med.br\/web\/wp-content\/uploads\/2022\/01\/WhatsApp-Image-2021-08-09-at-10.22.42-194x300.jpeg\" alt=\"\" width=\"194\" height=\"300\" \/><\/p>\n<p>&nbsp;<\/p>\n<h3 style=\"text-align: center;\">DRA. ADRIANA RUNG<\/h3>\n<div style=\"text-align: center;\">OTORRINOLARINGOLOGIA<\/div>\n<div style=\"text-align: center;\">CRM-DF 13688 | RQE 7134<\/div>\n<p>[\/et_pb_text][\/et_pb_column][et_pb_column type=&#8221;1_2&#8243; _builder_version=&#8221;4.16&#8243; _module_preset=&#8221;default&#8221; global_colors_info=&#8221;{}&#8221;][\/et_pb_column][\/et_pb_row][\/et_pb_section]<\/p>\n","protected":false},"excerpt":{"rendered":"<p>Sobre o ISAN Atendimento humanizado e personalizado Atualmente, com sede na Asa Norte, o Instituto do Sono Asa Norte \u00e9 composto por profissionais competentes, aptos n\u00e3o s\u00f3 a prestar atendimento diferenciado, mas tamb\u00e9m de alta capacidade t\u00e9cnica e cient\u00edfica. Equipe experiente, com atualiza\u00e7\u00e3o constante e in\u00fameros procedimentos realizados com sucesso. Voc\u00ea pode contar com a [&hellip;]<\/p>\n","protected":false},"author":1,"featured_media":0,"parent":0,"menu_order":0,"comment_status":"closed","ping_status":"closed","template":"","meta":{"_et_pb_use_builder":"on","_et_pb_old_content":"<h1>Sobre o ISAN<\/h1><p><span style=\"font-family: Calibri; font-size: medium;\">O Institudo do Sono da Asa Norte \u00e9 um centro m\u00e9dico concebido\u00a0\u00a0para diagn\u00f3stico e tratamento dos dist\u00farbios do sono, comprometido em\u00a0\u00a0oferecer ao paciente qualidade e dedica\u00e7\u00e3o no atendimento, visando seu\u00a0\u00a0bem-estar e\u00a0melhora na\u00a0\u00a0qualidade de vida\u00a0\u00a0.<\/span><\/p><p><strong><span style=\"font-family: Calibri; font-size: medium;\">Miss\u00e3o<br \/><\/span><\/strong><span style=\"font-family: Calibri; font-size: medium;\">Realizar diagn\u00f3stico e tratamento em dist\u00farbios do sono, contribuindo para o bem estar e qualidade de vida do paciente.<\/span><\/p><p><strong><span style=\"font-family: Calibri; font-size: medium;\">Vis\u00e3o<\/span><\/strong><\/p><p><span style=\"font-family: Calibri; font-size: medium;\">Consolidar-se como centro de refer\u00eancia em diagn\u00f3stico e tratamento de dist\u00farbios do sono, bem como contribuir para a difus\u00e3o do conhecimento\u00a0\u00a0e aprimoramento dos cuidados \u00c0 sa\u00fade da popula\u00e7\u00e3o.<\/span><\/p><p><strong><span style=\"font-family: Calibri; font-size: medium;\">Valores<\/span><\/strong><\/p><p>[list type=\"tick\"][li]\u00c9tica [\/li] [li]Tratamento humanizado [\/li] [li]Comprometimento com a qualidade [\/li] [li] Dedica\u00e7\u00e3o ao paciente[\/li] [\/list]<\/p><p>\u00a0<\/p>","_et_gb_content_width":"","footnotes":""},"class_list":["post-1267","page","type-page","status-publish","hentry"],"_links":{"self":[{"href":"https:\/\/isan.med.br\/web\/wp-json\/wp\/v2\/pages\/1267","targetHints":{"allow":["GET"]}}],"collection":[{"href":"https:\/\/isan.med.br\/web\/wp-json\/wp\/v2\/pages"}],"about":[{"href":"https:\/\/isan.med.br\/web\/wp-json\/wp\/v2\/types\/page"}],"author":[{"embeddable":true,"href":"https:\/\/isan.med.br\/web\/wp-json\/wp\/v2\/users\/1"}],"replies":[{"embeddable":true,"href":"https:\/\/isan.med.br\/web\/wp-json\/wp\/v2\/comments?post=1267"}],"version-history":[{"count":1,"href":"https:\/\/isan.med.br\/web\/wp-json\/wp\/v2\/pages\/1267\/revisions"}],"predecessor-version":[{"id":1961,"href":"https:\/\/isan.med.br\/web\/wp-json\/wp\/v2\/pages\/1267\/revisions\/1961"}],"wp:attachment":[{"href":"https:\/\/isan.med.br\/web\/wp-json\/wp\/v2\/media?parent=1267"}],"curies":[{"name":"wp","href":"https:\/\/api.w.org\/{rel}","templated":true}]}}