{"id":1639,"date":"2017-10-25T12:33:49","date_gmt":"2017-10-25T15:33:49","guid":{"rendered":"http:\/\/isan.med.br\/web\/?page_id=1639"},"modified":"2019-04-24T22:45:58","modified_gmt":"2019-04-25T01:45:58","slug":"orientacoes-gerais-exame-polissonografia","status":"publish","type":"page","link":"https:\/\/isan.med.br\/web\/servicos-e-exames\/orientacoes-gerais-exame-polissonografia\/","title":{"rendered":"Orienta\u00e7\u00f5es gerais para o exame de Polissonografia"},"content":{"rendered":"<p>[et_pb_section bb_built=&#8221;1&#8243; admin_label=&#8221;section&#8221;][et_pb_row admin_label=&#8221;row&#8221;][et_pb_column type=&#8221;4_4&#8243;][et_pb_text admin_label=&#8221;Texto&#8221;]<\/p>\n<p><a href=\"http:\/\/isan.med.br\/web\/wp-content\/uploads\/2017\/10\/Screenshot_3.jpg\"><img decoding=\"async\" class=\"aligncenter wp-image-1642 size-full\" src=\"http:\/\/isan.med.br\/web\/wp-content\/uploads\/2017\/10\/Screenshot_3.jpg\" alt=\"Screenshot_3\" width=\"386\" height=\"130\" srcset=\"https:\/\/isan.med.br\/web\/wp-content\/uploads\/2017\/10\/Screenshot_3.jpg 386w, https:\/\/isan.med.br\/web\/wp-content\/uploads\/2017\/10\/Screenshot_3-300x101.jpg 300w, https:\/\/isan.med.br\/web\/wp-content\/uploads\/2017\/10\/Screenshot_3-282x95.jpg 282w\" sizes=\"(max-width: 386px) 100vw, 386px\" \/><\/a><\/p>\n<p><span style=\"font-weight: 400;\">CARO PACIENTE,<\/span><\/p>\n<p><span style=\"font-weight: 400;\">A POLISSONOGRAFIA \u00c9 UM EXAME INDOLOR, QUE N\u00c3O TRAZ MAIORES DESCONFORTOS AO PACIENTE. ALGUNS PAR\u00c2METROS DO SEU SONO SER\u00c3O MONITORIZADOS DURANTE A NOITE ATRAV\u00c9S DE ELETRODOS E SENSORES COLOCADOS NO SEU CORPO. O LABORAT\u00d3RIO DE SONO FUNCIONA DAS 19H \u00c0S 7H DA MANH\u00c3. A PREPARA\u00c7\u00c3O PARA O EXAME COME\u00c7A QUANDO O PACIENTE CHEGA \u00c0 CL\u00cdNICA, E N\u00c3O NECESSARIAMENTE O PACIENTE IR\u00c1 DORMIR NA HORA QUE O EXAME EST\u00c1 MARCADO. <\/span><\/p>\n<p><span style=\"font-weight: 400;\">Para realiza\u00e7\u00e3o do exame ser\u00e1 usado uma pasta eletro-condutora no couro cabeludo, e para retirada da mesma o paciente dever\u00e1 lavar os cabelos em casa com \u00e1gua morna. <\/span><span style=\"font-weight: 400;\">A cl\u00ednica n\u00e3o possui chuveiro<\/span><span style=\"font-weight: 400;\">. No dia da realiza\u00e7\u00e3o do exame \u00a0recomenda-se trazer bon\u00e9, chap\u00e9u ou len\u00e7o para a sa\u00edda da cl\u00ednica.;<\/span><\/p>\n<p>-Compare\u00e7a \u00e0 cl\u00ednica no hor\u00e1rio marcado, j\u00e1 alimentado com refei\u00e7\u00e3o leve;<\/p>\n<p>-No dia do exame: Evitar \u00a0cochilos e consumo de bebidas estimulantes (cafe\u00edna, Coca-Cola, ch\u00e1 verde\/preto, energ\u00e9ticos) e bebida alco\u00f3lica;<\/p>\n<p>-N\u00e3o \u00e9 permitido fumar na cl\u00ednica;<\/p>\n<p><b>-Traga roupas confort\u00e1veis para dormir<\/b><span style=\"font-weight: 400;\"> (sem el\u00e1sticos nos punhos e tornozelos), um pente e chinelos;<\/span><\/p>\n<p><b>-Traga roupa de cama e travesseiros de sua prefer\u00eancia<\/b><span style=\"font-weight: 400;\">. (Len\u00e7ol, travesseiro, cobertor). A cl\u00ednica n\u00e3o possui roupa de cama;<\/span><\/p>\n<p>-Retire esmalte das unhas e n\u00e3o use hidratante ou maquiagem. Lave os cabelos com shampoo neutro, n\u00e3o use condicionador, gel ou outros produtos;<\/p>\n<p>-Os pacientes do sexo masculino dever\u00e3o vir barbeados, salvo aqueles que possuem barba longa;<\/p>\n<p>-Recomendamos que n\u00e3o utilize an\u00e9is, brincos, rel\u00f3gio, piercings e cord\u00f5es, pois precisar\u00e3o ser retirados para o exame. A cl\u00ednica n\u00e3o se responsabiliza por \u00edtens pessoais perdidos;<\/p>\n<p>-Os medicamentos de uso cont\u00ednuo devem ser usados normalmente, conforme prescri\u00e7\u00e3o do seu m\u00e9dico;<\/p>\n<p>-Favor comunicar \u00e0 atendente j\u00e1 na marca\u00e7\u00e3o do exame se tiver necessidades especiais como uso de cadeiras de roda, gesta\u00e7\u00e3o, cuidados m\u00e9dico-hospitalares ou ainda se estiver internado;<\/p>\n<p>-A cl\u00ednica n\u00e3o fornece oxig\u00eanio para a realiza\u00e7\u00e3o de exames. Se faz uso de oxig\u00eanio em casa, trazer o cilindro de oxig\u00eanio cheio para a realiza\u00e7\u00e3o do exame;<\/p>\n<p>-Caso esteja doente (gripado, com tosse, dor de garganta, febre ou diarr\u00e9ia) entre em contato para remarcar seu exame com a maior anteced\u00eancia poss\u00edvel, pois essas situa\u00e7\u00f5es podem prejudicar o resultado;<\/p>\n<p>-Uma vez iniciado o atendimento ao paciente e instalado o equipamento, a guia de exame ser\u00e1 encaminhada ao conv\u00eanio, mesmo havendo desist\u00eancia do paciente durante o exame, pois s\u00f3 \u00e9 poss\u00edvel usar o equipamento em um paciente por noite;<\/p>\n<p>-O ISAN conta com a cobertura do servi\u00e7o m\u00e9dico e de ambul\u00e2ncia da UTI-Vida para eventuais intercorr\u00eancias;<\/p>\n<p><b>-Recomendamos que o paciente n\u00e3o dirija caso se encontre sonolento pela manh\u00e3. <\/b><span style=\"font-weight: 400;\">Solicite ao t\u00e9cnico ou secret\u00e1ria que chame um t\u00e1xi se for necess\u00e1rio;<\/span><\/p>\n<p>-N\u00e3o fornecemos refei\u00e7\u00f5es. Na recep\u00e7\u00e3o h\u00e1 \u00e1gua, caf\u00e9 e biscoito.<\/p>\n<p><span style=\"font-weight: 400;\">TIRE TODAS AS SUAS D\u00daVIDAS COM ANTECED\u00caNCIA. SE NECESS\u00c1RIO ENTRE EM CONTATO COM O SEU M\u00c9DICO.<\/span><\/p>\n<p>&nbsp;<\/p>\n<p>[\/et_pb_text][\/et_pb_column][\/et_pb_row][\/et_pb_section]<\/p>\n","protected":false},"excerpt":{"rendered":"<p>CARO PACIENTE, A POLISSONOGRAFIA \u00c9 UM EXAME INDOLOR, QUE N\u00c3O TRAZ MAIORES DESCONFORTOS AO PACIENTE. ALGUNS PAR\u00c2METROS DO SEU SONO SER\u00c3O MONITORIZADOS DURANTE A NOITE ATRAV\u00c9S DE ELETRODOS E SENSORES COLOCADOS NO SEU CORPO. O LABORAT\u00d3RIO DE SONO FUNCIONA DAS 19H \u00c0S 7H DA MANH\u00c3. A PREPARA\u00c7\u00c3O PARA O EXAME COME\u00c7A QUANDO O PACIENTE CHEGA [&hellip;]<\/p>\n","protected":false},"author":1,"featured_media":0,"parent":1069,"menu_order":0,"comment_status":"closed","ping_status":"closed","template":"","meta":{"_et_pb_use_builder":"on","_et_pb_old_content":"<p><a href=\"http:\/\/isan.med.br\/web\/wp-content\/uploads\/2017\/10\/Screenshot_3.jpg\"><img class=\"aligncenter wp-image-1642 size-full\" src=\"http:\/\/isan.med.br\/web\/wp-content\/uploads\/2017\/10\/Screenshot_3.jpg\" alt=\"Screenshot_3\" width=\"386\" height=\"130\" \/><\/a><\/p><p><span style=\"font-weight: 400;\">CARO PACIENTE,<\/span><\/p><p><span style=\"font-weight: 400;\">A POLISSONOGRAFIA \u00c9 UM EXAME INDOLOR, QUE N\u00c3O TRAZ MAIORES DESCONFORTOS AO PACIENTE. ALGUNS PAR\u00c2METROS DO SEU SONO SER\u00c3O MONITORIZADOS DURANTE A NOITE ATRAV\u00c9S DE ELETRODOS E SENSORES COLOCADOS NO SEU CORPO. O LABORAT\u00d3RIO DE SONO FUNCIONA DAS 19H \u00c0S 7H DA MANH\u00c3. A PREPARA\u00c7\u00c3O PARA O EXAME COME\u00c7A QUANDO O PACIENTE CHEGA \u00c0 CL\u00cdNICA, E N\u00c3O NECESSARIAMENTE O PACIENTE IR\u00c1 DORMIR NA HORA QUE O EXAME EST\u00c1 MARCADO. <\/span><\/p><p><span style=\"font-weight: 400;\">Para realiza\u00e7\u00e3o do exame ser\u00e1 usado uma pasta eletro-condutora no couro cabeludo, e para retirada da mesma o paciente dever\u00e1 lavar os cabelos em casa com \u00e1gua morna. <\/span><span style=\"font-weight: 400;\">A cl\u00ednica n\u00e3o possui chuveiro<\/span><span style=\"font-weight: 400;\">. No dia da realiza\u00e7\u00e3o do exame \u00a0recomenda-se trazer bon\u00e9, chap\u00e9u ou len\u00e7o para a sa\u00edda da cl\u00ednica.;<\/span><\/p><p>-Compare\u00e7a \u00e0 cl\u00ednica no hor\u00e1rio marcado, j\u00e1 alimentado com refei\u00e7\u00e3o leve;<\/p><p>-No dia do exame: Evitar \u00a0cochilos e consumo de bebidas estimulantes (cafe\u00edna, Coca-Cola, ch\u00e1 verde\/preto, energ\u00e9ticos) e bebida alco\u00f3lica;<\/p><p>-N\u00e3o \u00e9 permitido fumar na cl\u00ednica;<\/p><p><b>-Traga roupas confort\u00e1veis para dormir<\/b><span style=\"font-weight: 400;\"> (sem el\u00e1sticos nos punhos e tornozelos), um pente e chinelos;<\/span><\/p><p><b>-Traga roupa de cama e travesseiros de sua prefer\u00eancia<\/b><span style=\"font-weight: 400;\">. (Len\u00e7ol, travesseiro, cobertor). A cl\u00ednica n\u00e3o possui roupa de cama;<\/span><\/p><p>-Retire esmalte das unhas e n\u00e3o use hidratante ou maquiagem. Lave os cabelos com shampoo neutro, n\u00e3o use condicionador, gel ou outros produtos;<\/p><p>-Os pacientes do sexo masculino dever\u00e3o vir barbeados, salvo aqueles que possuem barba longa;<\/p><p>-Recomendamos que n\u00e3o utilize an\u00e9is, brincos, rel\u00f3gio, piercings e cord\u00f5es, pois precisar\u00e3o ser retirados para o exame. A cl\u00ednica n\u00e3o se responsabiliza por \u00edtens pessoais perdidos;<\/p><p>-Os medicamentos de uso cont\u00ednuo devem ser usados normalmente, conforme prescri\u00e7\u00e3o do seu m\u00e9dico;<\/p><p>-Favor comunicar \u00e0 atendente j\u00e1 na marca\u00e7\u00e3o do exame se tiver necessidades especiais como uso de cadeiras de roda, gesta\u00e7\u00e3o, cuidados m\u00e9dico-hospitalares ou ainda se estiver internado;<\/p><p>-A cl\u00ednica n\u00e3o fornece oxig\u00eanio para a realiza\u00e7\u00e3o de exames. Se faz uso de oxig\u00eanio em casa, trazer o cilindro de oxig\u00eanio cheio para a realiza\u00e7\u00e3o do exame;<\/p><p>-Caso esteja doente (gripado, com tosse, dor de garganta, febre ou diarr\u00e9ia) entre em contato para remarcar seu exame com a maior anteced\u00eancia poss\u00edvel, pois essas situa\u00e7\u00f5es podem prejudicar o resultado;<\/p><p>-Uma vez iniciado o atendimento ao paciente e instalado o equipamento, a guia de exame ser\u00e1 encaminhada ao conv\u00eanio, mesmo havendo desist\u00eancia do paciente durante o exame, pois s\u00f3 \u00e9 poss\u00edvel usar o equipamento em um paciente por noite;<\/p><p>-O ISAN conta com a cobertura do servi\u00e7o m\u00e9dico e de ambul\u00e2ncia da UTI-Vida para eventuais intercorr\u00eancias;<\/p><p><b>-Recomendamos que o paciente n\u00e3o dirija caso se encontre sonolento pela manh\u00e3. <\/b><span style=\"font-weight: 400;\">Solicite ao t\u00e9cnico ou secret\u00e1ria que chame um t\u00e1xi se for necess\u00e1rio;<\/span><\/p><p>-N\u00e3o fornecemos refei\u00e7\u00f5es. Na recep\u00e7\u00e3o h\u00e1 \u00e1gua, caf\u00e9 e biscoito.<\/p><p><span style=\"font-weight: 400;\">TIRE TODAS AS SUAS D\u00daVIDAS COM ANTECED\u00caNCIA. SE NECESS\u00c1RIO ENTRE EM CONTATO COM O SEU M\u00c9DICO.<\/span><\/p><p>\u00a0<\/p>","_et_gb_content_width":"","footnotes":""},"class_list":["post-1639","page","type-page","status-publish","hentry"],"_links":{"self":[{"href":"https:\/\/isan.med.br\/web\/wp-json\/wp\/v2\/pages\/1639","targetHints":{"allow":["GET"]}}],"collection":[{"href":"https:\/\/isan.med.br\/web\/wp-json\/wp\/v2\/pages"}],"about":[{"href":"https:\/\/isan.med.br\/web\/wp-json\/wp\/v2\/types\/page"}],"author":[{"embeddable":true,"href":"https:\/\/isan.med.br\/web\/wp-json\/wp\/v2\/users\/1"}],"replies":[{"embeddable":true,"href":"https:\/\/isan.med.br\/web\/wp-json\/wp\/v2\/comments?post=1639"}],"version-history":[{"count":0,"href":"https:\/\/isan.med.br\/web\/wp-json\/wp\/v2\/pages\/1639\/revisions"}],"up":[{"embeddable":true,"href":"https:\/\/isan.med.br\/web\/wp-json\/wp\/v2\/pages\/1069"}],"wp:attachment":[{"href":"https:\/\/isan.med.br\/web\/wp-json\/wp\/v2\/media?parent=1639"}],"curies":[{"name":"wp","href":"https:\/\/api.w.org\/{rel}","templated":true}]}}