{"id":1916,"date":"2022-03-09T17:02:36","date_gmt":"2022-03-09T20:02:36","guid":{"rendered":"https:\/\/isan.med.br\/web\/?page_id=1916"},"modified":"2022-03-09T17:09:23","modified_gmt":"2022-03-09T20:09:23","slug":"politica-de-privacidade","status":"publish","type":"page","link":"https:\/\/isan.med.br\/web\/politica-de-privacidade\/","title":{"rendered":"Pol\u00edtica de Privacidade"},"content":{"rendered":"<p>[et_pb_section fb_built=&#8221;1&#8243; _builder_version=&#8221;4.14.6&#8243; _module_preset=&#8221;default&#8221; global_colors_info=&#8221;{}&#8221;][et_pb_row _builder_version=&#8221;4.14.6&#8243; _module_preset=&#8221;default&#8221; global_colors_info=&#8221;{}&#8221;][et_pb_column type=&#8221;4_4&#8243; _builder_version=&#8221;4.14.6&#8243; _module_preset=&#8221;default&#8221; global_colors_info=&#8221;{}&#8221;][et_pb_text _builder_version=&#8221;4.14.6&#8243; _module_preset=&#8221;default&#8221; hover_enabled=&#8221;0&#8243; global_colors_info=&#8221;{}&#8221; sticky_enabled=&#8221;0&#8243;]<\/p>\n<h2><strong>Pol\u00edtica Privacidade<\/strong><\/h2>\n<p>A sua privacidade \u00e9 importante para n\u00f3s. \u00c9 pol\u00edtica do isan.med.br respeitar a sua privacidade em rela\u00e7\u00e3o a qualquer informa\u00e7\u00e3o que possamos coletar no site, e outros sites que possu\u00edmos e operamos.<\/p>\n<p>Solicitamos informa\u00e7\u00f5es pessoais apenas quando realmente precisamos delas para lhe fornecer um servi\u00e7o. Fazemo-lo por meios justos e legais, com o seu conhecimento e consentimento. Tamb\u00e9m informamos por que estamos coletando e como ser\u00e1 usado.<\/p>\n<p>Apenas retemos as informa\u00e7\u00f5es coletadas pelo tempo necess\u00e1rio para fornecer o servi\u00e7o solicitado. Quando armazenamos dados, protegemos dentro de meios comercialmente aceit\u00e1veis \u200b\u200bpara evitar perdas e roubos, bem como acesso, divulga\u00e7\u00e3o, c\u00f3pia, uso ou modifica\u00e7\u00e3o n\u00e3o autorizados.<\/p>\n<p>N\u00e3o compartilhamos informa\u00e7\u00f5es de identifica\u00e7\u00e3o pessoal publicamente ou com terceiros, exceto quando exigido por lei.<\/p>\n<p>O nosso site pode ter links para sites externos que n\u00e3o s\u00e3o operados por n\u00f3s. Esteja ciente de que n\u00e3o temos controle sobre o conte\u00fado e pr\u00e1ticas desses sites e n\u00e3o podemos aceitar responsabilidade por suas respectivas\u00a0pol\u00edticas de privacidade.<\/p>\n<p>Voc\u00ea \u00e9 livre para recusar a nossa solicita\u00e7\u00e3o de informa\u00e7\u00f5es pessoais, entendendo que talvez n\u00e3o possamos fornecer alguns dos servi\u00e7os desejados.<\/p>\n<p>O uso continuado de nosso site ser\u00e1 considerado como aceita\u00e7\u00e3o de nossas pr\u00e1ticas em torno de privacidade e informa\u00e7\u00f5es pessoais. Se voc\u00ea tiver alguma d\u00favida sobre como lidamos com dados do usu\u00e1rio e informa\u00e7\u00f5es pessoais, entre em contato conosco.<\/p>\n<h2><strong>Pol\u00edtica de Cookies<\/strong><\/h2>\n<p>Cookies s\u00e3o pequenos arquivos de texto baixados automaticamente em seu dispositivo quando voc\u00ea acessa e navega por um site. Eles servem, para que seja poss\u00edvel identificar dispositivos, atividades e prefer\u00eancias de usu\u00e1rios.<\/p>\n<p>Os cookies n\u00e3o permitem que qualquer arquivo ou informa\u00e7\u00e3o sejam extra\u00eddos do disco r\u00edgido do usu\u00e1rio. N\u00e3o sendo poss\u00edvel que, por meio dos cookies, se tenha acesso a informa\u00e7\u00f5es pessoais que n\u00e3o tenham partido do usu\u00e1rio ou da forma como utiliza os recursos e funcionalidades do site.<\/p>\n<p>A desativa\u00e7\u00e3o dos cookies que podem ser desabilitados poder\u00e1 prejudicar a experi\u00eancia do usu\u00e1rio, uma vez que informa\u00e7\u00f5es utilizadas para personaliz\u00e1-la deixar\u00e3o de ser utilizadas.<\/p>\n<ol>\n<li>Cookies do Site<br \/>Os cookies do site s\u00e3o aqueles enviados ao computador ou dispositivo do usu\u00e1rio, exclusivamente pelo website. As informa\u00e7\u00f5es coletadas por meio destes cookies s\u00e3o utilizadas para melhorar e personalizar a experi\u00eancia do usu\u00e1rio, sendo que alguns cookies podem, por exemplo, ser utilizados para lembrar as prefer\u00eancias e escolhas do usu\u00e1rio, bem como para o oferecimento de conte\u00fado personalizado.<\/li>\n<li>Cookies de Terceiros<br \/>Alguns de nossos parceiros podem configurar cookies nos dispositivos dos usu\u00e1rios que acessam nosso site. Estes cookies, em geral, visam possibilitar que nossos parceiros possam oferecer seu conte\u00fado e seus servi\u00e7os ao usu\u00e1rio que acessa nosso site de forma personalizada, por meio da obten\u00e7\u00e3o de dados de navega\u00e7\u00e3o extra\u00eddos a partir de sua intera\u00e7\u00e3o com o site.<br \/>O usu\u00e1rio poder\u00e1 obter mais informa\u00e7\u00f5es sobre os cookies de terceiros e sobre a forma como os dados obtidos a partir dele s\u00e3o tratados, al\u00e9m de ter acesso \u00e0 descri\u00e7\u00e3o dos cookies utilizados e de suas caracter\u00edsticas, acessando os seguintes links:<br \/>Google Analytics:\u00a0<a href=\"https:\/\/developers.google.com\/analytics\/devguides\/collection\/gajs\/cookie-usage;\">https:\/\/developers.google.com\/analytics\/devguides\/collection\/gajs\/cookie-usage;<\/a><br \/>Pixel do Facebook:\u00a0<a href=\"https:\/\/pt-br.facebook.com\/business\/help\/471978536642445?id=1205376682832142\">https:\/\/pt-br.facebook.com\/business\/help\/471978536642445?id=1205376682832142<\/a><\/li>\n<li>Gest\u00e3o de Cookies<br \/>O usu\u00e1rio poder\u00e1 se opor ao registro de cookies pelo site, bastando que desative esta op\u00e7\u00e3o no seu pr\u00f3prio navegador. Mais informa\u00e7\u00e3o sobre como fazer isso em alguns dos principais navegadores utilizados hoje podem ser acessados a partir dos seguintes links:<br \/>Internet Explorer:\u00a0<a href=\"https:\/\/support.microsoft.com\/pt-br\/topic\/excluir-e-gerenciar-cookies-168dab11-0753-043d-7c16-ede5947fc64d\">https:\/\/support.microsoft.com\/pt-br\/topic\/excluir-e-gerenciar-cookies-168dab11-0753-043d-7c16-ede5947fc64d<\/a><br \/>Safari:\u00a0<a href=\"https:\/\/support.apple.com\/pt-br\/guide\/safari\/sfri11471\/mac\">https:\/\/support.apple.com\/pt-br\/guide\/safari\/sfri11471\/mac<\/a><br \/>Google Chrome:\u00a0<a href=\"https:\/\/support.google.com\/chrome\/answer\/95647\">https:\/\/support.google.com\/chrome\/answer\/95647<\/a><br \/>Mozila Firefox: https:\/\/support.mozilla.org\/pt-BR\/kb\/cookies-informacoes-sites-armazenam-no- computador#w_configuracoes-de-cookies<br \/>Opera:\u00a0<a href=\"https:\/\/www.opera.com\/pt\/secure-private-browser\">https:\/\/www.opera.com\/pt\/secure-private-browser<\/a><\/li>\n<\/ol>\n<p>O usu\u00e1rio tamb\u00e9m poder\u00e1 se opor \u00e0 utiliza\u00e7\u00e3o de cookies pelo pr\u00f3prio site, bastando que os desative no momento em que come\u00e7ar a utilizar o site pela primeira vez, clicando no aviso de cookies e depois desativando esta op\u00e7\u00e3o no seu navegador, para se assegurar de que o registro de cookies foi desativado.<\/p>\n<p>Assim que entrar no site pela primeira vez, o usu\u00e1rio ter\u00e1 a op\u00e7\u00e3o de bloquear ou de permitir a utiliza\u00e7\u00e3o de cookies, bastando que selecione a op\u00e7\u00e3o correspondente na caixa de di\u00e1logo (aviso de cookies) carregada automaticamente assim que nossa p\u00e1gina \u00e9 acessada.<\/p>\n<p>A desativa\u00e7\u00e3o dos cookies, no entanto, pode afetar a disponibilidade de algumas ferramentas e funcionalidades do site, comprometendo seu correto e esperado funcionamento. Outra consequ\u00eancia poss\u00edvel \u00e9 a remo\u00e7\u00e3o das prefer\u00eancias do usu\u00e1rio que eventualmente tiverem sido salvas, prejudicando sua experi\u00eancia de navega\u00e7\u00e3o.<\/p>\n<p>A desativa\u00e7\u00e3o de todos os cookies, no entanto, n\u00e3o ser\u00e1 poss\u00edvel, uma vez que alguns deles s\u00e3o essenciais para que o site funcione corretamente.<\/p>\n<p><strong>Por quanto tempo seus dados pessoais s\u00e3o armazenados<\/strong><\/p>\n<p><strong><br \/><\/strong>Os dados pessoais coletados atrav\u00e9s do site s\u00e3o armazenados e utilizados pelo per\u00edodo de tempo que for necess\u00e1rio para atingir as finalidades elencadas neste documento e que considere os direitos de seus titulares, os direitos do controlador do site e as disposi\u00e7\u00f5es legais ou regulat\u00f3rias aplic\u00e1veis.<\/p>\n<p>O tempo m\u00ednimo de armazenamento \u00e9 de 6 meses para dados comportamentais, segundo o Art. 15 do Marco Civil da Internet e de 5 anos ap\u00f3s o t\u00e9rmino da rela\u00e7\u00e3o com o usu\u00e1rio para dados cadastrais, segundo o Art. 27 do C\u00f3digo de Defesa do Consumidor.<\/p>\n<p>Uma vez expirados os per\u00edodos de armazenamento dos dados pessoais, eles podem vir a ser removidos de nossas bases de dados ou anonimizados, salvo nos casos em que houver a possibilidade e\/ou a necessidade de armazenamento em virtude de disposi\u00e7\u00e3o legal ou regulat\u00f3ria.<\/p>\n<p>Caso haja solicita\u00e7\u00e3o do Usu\u00e1rio, os dados poder\u00e3o ser apagados antes desse prazo. No entanto, pode ocorrer de os dados precisarem ser mantidos por per\u00edodo superior, por motivo de lei, ordem judicial, preven\u00e7\u00e3o \u00e0 fraude (art. 11, II, \u201ca\u201d da Lei Geral de Prote\u00e7\u00e3o de Dados \u201cLGPD\u201d, Lei n\u00ba 13.709\/2018), prote\u00e7\u00e3o ao cr\u00e9dito (art. 7\u00ba, X, LGPD) e outros interesses leg\u00edtimos, em conformidade com o artigo 10 da LGPD. Findo o prazo e a necessidade legal, ser\u00e3o exclu\u00eddos com uso de m\u00e9todos de descarte seguro, ou utilizados de forma anonimizada para fins estat\u00edsticos.<\/p>\n<p>Ressaltamos que os dados poder\u00e3o continuar armazenados se houver alguma justificativa legal ou regulat\u00f3ria, ainda que tenha se exaurido a finalidade para a qual os dados tenham sido coletados e\/ou tratados.<\/p>\n<p>Os dados s\u00e3o armazenados de forma cont\u00ednua enquanto o usu\u00e1rio tiver uma conta ativa em nosso site e\/ou continuar utilizando, navegando, interagindo, comunicando-se e mantendo algum tipo de rela\u00e7\u00e3o ou contato conosco.<\/p>\n<p>Uma vez finalizado o tratamento e\/ou a rela\u00e7\u00e3o com o usu\u00e1rio, observadas as disposi\u00e7\u00f5es desta se\u00e7\u00e3o, os dados s\u00e3o apagados ou anonimizados.<\/p>\n<p><strong>Como o titular pode exercer seus direitos<\/strong><\/p>\n<p>Os titulares de dados pessoais tratados por n\u00f3s poder\u00e3o exercer seus direitos por meio do formul\u00e1rio disponibilizado no seguinte caminho: https:\/\/isan.med.br\/web\/contato\/<\/p>\n<p>Os titulares de dados pessoais tratados por n\u00f3s poder\u00e3o exercer seus direitos a partir do envio de mensagem para nosso Encarregado de Prote\u00e7\u00e3o de Dados Pessoais seja por e-mail, formul\u00e1rio ou correspond\u00eancia. As informa\u00e7\u00f5es necess\u00e1rias est\u00e3o na se\u00e7\u00e3o \u201cComo entrar em contato conosco\u201d desta Pol\u00edtica de Privacidade.<\/p>\n<p>Para garantir que o usu\u00e1rio que pretende exercer seus direitos \u00e9, de fato, o titular dos dados pessoais objeto da requisi\u00e7\u00e3o, poderemos solicitar documentos ou outras informa\u00e7\u00f5es que possam auxiliar em sua correta identifica\u00e7\u00e3o, a fim de resguardar nossos direitos e os direitos de terceiros. Isto somente ser\u00e1 feito, por\u00e9m, se for absolutamente necess\u00e1rio, e o requerente receber\u00e1 todas as informa\u00e7\u00f5es relacionadas.<\/p>\n<p><strong>Jurisdi\u00e7\u00e3o para Resolu\u00e7\u00e3o de Conflitos<\/strong><\/p>\n<p>Este documento \u00e9 regido e deve ser interpretado de acordo com as leis da Rep\u00fablica Federativa do Brasil. Os eventuais lit\u00edgios dever\u00e3o ser apresentados no foro da comarca em que se encontra a sede da empresa. Fica eleito o Foro da Comarca de Bras\u00edlia\/DF, como o competente para dirimir quaisquer quest\u00f5es porventura oriundas do presente documento, com expressa ren\u00fancia a qualquer outro, por mais privilegiado que seja.<\/p>\n<p>[\/et_pb_text][\/et_pb_column][\/et_pb_row][\/et_pb_section]<\/p>\n","protected":false},"excerpt":{"rendered":"<p>Pol\u00edtica Privacidade A sua privacidade \u00e9 importante para n\u00f3s. \u00c9 pol\u00edtica do isan.med.br respeitar a sua privacidade em rela\u00e7\u00e3o a qualquer informa\u00e7\u00e3o que possamos coletar no site, e outros sites que possu\u00edmos e operamos. Solicitamos informa\u00e7\u00f5es pessoais apenas quando realmente precisamos delas para lhe fornecer um servi\u00e7o. Fazemo-lo por meios justos e legais, com o [&hellip;]<\/p>\n","protected":false},"author":1,"featured_media":0,"parent":0,"menu_order":0,"comment_status":"closed","ping_status":"closed","template":"","meta":{"_et_pb_use_builder":"on","_et_pb_old_content":"","_et_gb_content_width":"","footnotes":""},"class_list":["post-1916","page","type-page","status-publish","hentry"],"_links":{"self":[{"href":"https:\/\/isan.med.br\/web\/wp-json\/wp\/v2\/pages\/1916","targetHints":{"allow":["GET"]}}],"collection":[{"href":"https:\/\/isan.med.br\/web\/wp-json\/wp\/v2\/pages"}],"about":[{"href":"https:\/\/isan.med.br\/web\/wp-json\/wp\/v2\/types\/page"}],"author":[{"embeddable":true,"href":"https:\/\/isan.med.br\/web\/wp-json\/wp\/v2\/users\/1"}],"replies":[{"embeddable":true,"href":"https:\/\/isan.med.br\/web\/wp-json\/wp\/v2\/comments?post=1916"}],"version-history":[{"count":0,"href":"https:\/\/isan.med.br\/web\/wp-json\/wp\/v2\/pages\/1916\/revisions"}],"wp:attachment":[{"href":"https:\/\/isan.med.br\/web\/wp-json\/wp\/v2\/media?parent=1916"}],"curies":[{"name":"wp","href":"https:\/\/api.w.org\/{rel}","templated":true}]}}